{"id":10,"date":"2023-08-04T11:11:14","date_gmt":"2023-08-04T14:11:14","guid":{"rendered":"http:\/\/matiasflyfishing.com\/index.php\/about\/"},"modified":"2023-08-27T23:51:35","modified_gmt":"2023-08-28T02:51:35","slug":"about","status":"publish","type":"page","link":"https:\/\/matiasflyfishing.com\/index.php\/about\/","title":{"rendered":"Quien soy"},"content":{"rendered":"<div class=\"wp-block-image\">\n<figure class=\"alignright size-large is-resized\"><img loading=\"lazy\" decoding=\"async\" src=\"https:\/\/matiasflyfishing.com\/wp-content\/uploads\/2023\/08\/img_4003-768x1024.jpg\" alt=\"\" class=\"wp-image-2226\" style=\"width:348px;height:464px\" width=\"348\" height=\"464\" srcset=\"https:\/\/matiasflyfishing.com\/wp-content\/uploads\/2023\/08\/img_4003-768x1024.jpg 768w, https:\/\/matiasflyfishing.com\/wp-content\/uploads\/2023\/08\/img_4003-225x300.jpg 225w, https:\/\/matiasflyfishing.com\/wp-content\/uploads\/2023\/08\/img_4003-1152x1536.jpg 1152w, https:\/\/matiasflyfishing.com\/wp-content\/uploads\/2023\/08\/img_4003-1536x2048.jpg 1536w, https:\/\/matiasflyfishing.com\/wp-content\/uploads\/2023\/08\/img_4003-scaled.jpg 1920w\" sizes=\"auto, (max-width: 348px) 100vw, 348px\" \/><\/figure>\n<\/div>\n\n\n<p style=\"text-align: justify;\">Mi nombre es Mat\u00edas y soy un simple pescador y fotogr\u00e1fo de naturaleza. Si queres conocer m\u00e1s sobre m\u00ed, te invito a mi post de presentaci\u00f3n en el siguiente <a href=\"https:\/\/matiasflyfishing.com\/index.php\/2023\/08\/26\/hola-mundo\/\">LINK<\/a>.<\/p>\n<p style=\"text-align: justify;\">Tambi\u00e9n te invito a leer la Pol\u00edtica de Privacidad del sitio en el siguiente <a href=\"https:\/\/matiasflyfishing.com\/index.php\/politica-privacidad\/\">LINK<\/a>.<\/p>\n\n\n\n<p><\/p>\n\n\n\n<ul class=\"wp-block-list\">\n<li>Instructor de Pesca con Mosca Certificado AAPM<\/li>\n\n\n\n<li>Instructor de Atado de Moscas APPM<\/li>\n\n\n\n<li>Fot\u00f3grafo Profesional<\/li>\n<\/ul>\n","protected":false},"excerpt":{"rendered":"<p>Mi nombre es Mat\u00edas y soy un simple pescador y fotogr\u00e1fo de naturaleza. Si queres conocer m\u00e1s sobre m\u00ed, te invito a mi post de presentaci\u00f3n en el siguiente LINK. Tambi\u00e9n te invito a leer la Pol\u00edtica de Privacidad del sitio en el siguiente LINK.<\/p>\n","protected":false},"author":1,"featured_media":1967,"parent":0,"menu_order":0,"comment_status":"closed","ping_status":"closed","template":"","meta":{"_monsterinsights_skip_tracking":false,"_monsterinsights_sitenote_active":false,"_monsterinsights_sitenote_note":"","_monsterinsights_sitenote_category":0,"footnotes":""},"class_list":["post-10","page","type-page","status-publish","has-post-thumbnail","hentry"],"aioseo_notices":[],"_links":{"self":[{"href":"https:\/\/matiasflyfishing.com\/index.php\/wp-json\/wp\/v2\/pages\/10","targetHints":{"allow":["GET"]}}],"collection":[{"href":"https:\/\/matiasflyfishing.com\/index.php\/wp-json\/wp\/v2\/pages"}],"about":[{"href":"https:\/\/matiasflyfishing.com\/index.php\/wp-json\/wp\/v2\/types\/page"}],"author":[{"embeddable":true,"href":"https:\/\/matiasflyfishing.com\/index.php\/wp-json\/wp\/v2\/users\/1"}],"replies":[{"embeddable":true,"href":"https:\/\/matiasflyfishing.com\/index.php\/wp-json\/wp\/v2\/comments?post=10"}],"version-history":[{"count":15,"href":"https:\/\/matiasflyfishing.com\/index.php\/wp-json\/wp\/v2\/pages\/10\/revisions"}],"predecessor-version":[{"id":2456,"href":"https:\/\/matiasflyfishing.com\/index.php\/wp-json\/wp\/v2\/pages\/10\/revisions\/2456"}],"wp:featuredmedia":[{"embeddable":true,"href":"https:\/\/matiasflyfishing.com\/index.php\/wp-json\/wp\/v2\/media\/1967"}],"wp:attachment":[{"href":"https:\/\/matiasflyfishing.com\/index.php\/wp-json\/wp\/v2\/media?parent=10"}],"curies":[{"name":"wp","href":"https:\/\/api.w.org\/{rel}","templated":true}]}}